{"id":568,"date":"2024-09-30T13:01:53","date_gmt":"2024-09-30T11:01:53","guid":{"rendered":"https:\/\/eldorado.nugrafik.com\/politique-de-confidentialite\/"},"modified":"2024-10-03T12:01:51","modified_gmt":"2024-10-03T10:01:51","slug":"politique-de-confidentialite","status":"publish","type":"page","link":"https:\/\/eldorado.nugrafik.com\/fr\/politique-de-confidentialite\/","title":{"rendered":"Politique de confidentialit\u00e9"},"content":{"rendered":"\t\t<div data-elementor-type=\"wp-page\" data-elementor-id=\"568\" class=\"elementor elementor-568 elementor-453\" data-elementor-post-type=\"page\">\n\t\t\t\t<div class=\"elementor-element elementor-element-6fb3bea e-flex e-con-boxed e-con e-parent\" data-id=\"6fb3bea\" data-element_type=\"container\" data-settings=\"{&quot;background_background&quot;:&quot;classic&quot;}\">\n\t\t\t\t\t<div class=\"e-con-inner\">\n\t\t\t\t<div class=\"elementor-element elementor-element-15af5cdc elementor-widget elementor-widget-heading\" data-id=\"15af5cdc\" data-element_type=\"widget\" data-widget_type=\"heading.default\">\n\t\t\t\t<div class=\"elementor-widget-container\">\n\t\t\t<h2 class=\"elementor-heading-title elementor-size-default\">Politique de confidentialit\u00e9<\/h2>\t\t<\/div>\n\t\t\t\t<\/div>\n\t\t\t\t\t<\/div>\n\t\t\t\t<\/div>\n\t\t<div class=\"elementor-element elementor-element-71fd65f9 e-flex e-con-boxed e-con e-parent\" data-id=\"71fd65f9\" data-element_type=\"container\">\n\t\t\t\t\t<div class=\"e-con-inner\">\n\t\t\t\t<div class=\"elementor-element elementor-element-672181b elementor-widget elementor-widget-text-editor\" data-id=\"672181b\" data-element_type=\"widget\" data-widget_type=\"text-editor.default\">\n\t\t\t\t<div class=\"elementor-widget-container\">\n\t\t\t\t\t\t\t<section id=\"privacy-policy\">\n    \n    <article id=\"data-collection\">\n        <h3>Collecte de donn\u00e9es<\/h3>\n        <p> Nous collectons les donn\u00e9es personnelles que vous nous fournissez volontairement lorsque vous demandez notre liste de prix ou que vous nous contactez via le site web. Les informations que nous collectons peuvent inclure votre nom, votre adresse e-mail et votre num\u00e9ro de t\u00e9l\u00e9phone.  <\/p>\n    <\/article>\n\n    <article id=\"use-of-data\">\n        <h3>Utilisation des donn\u00e9es<\/h3>\n        <p> Nous utilisons les informations collect\u00e9es pour r\u00e9pondre \u00e0 vos demandes, vous envoyer la liste de prix demand\u00e9e et am\u00e9liorer nos services. Nous ne partagerons pas vos donn\u00e9es avec des tiers sans votre consentement explicite.  <\/p>\n    <\/article>\n\n    <article id=\"data-security\">\n        <h3>S\u00e9curit\u00e9 des donn\u00e9es<\/h3>\n        <p> Nous prenons des mesures de s\u00e9curit\u00e9 appropri\u00e9es pour prot\u00e9ger vos donn\u00e9es personnelles contre tout acc\u00e8s, divulgation, alt\u00e9ration ou destruction non autoris\u00e9s. Cependant, veuillez noter qu&rsquo;aucune m\u00e9thode de transmission sur Internet n&rsquo;est s\u00e9curis\u00e9e \u00e0 100 %.  <\/p>\n    <\/article>\n\n    <article id=\"cookies\">\n        <h3>Cookies<\/h3>\n        <p> Notre site web peut utiliser des cookies pour am\u00e9liorer votre exp\u00e9rience de navigation. Vous pouvez configurer votre navigateur pour refuser tous les cookies ou certains d&rsquo;entre eux, ou pour vous alerter lorsque des cookies sont d\u00e9finis ou accessibles. Si vous d\u00e9sactivez les cookies, certaines parties du site web peuvent devenir inaccessibles ou ne pas fonctionner correctement.   <\/p>\n    <\/article>\n\n    <article id=\"your-rights\">\n        <h3>Vos droits<\/h3>\n        <p> Vous avez le droit d&rsquo;acc\u00e9der, de corriger ou de supprimer les donn\u00e9es personnelles que nous d\u00e9tenons. Pour exercer ces droits, veuillez nous contacter \u00e0 <a href=\"mailto:contact@eldoradoconsultim.com\">contact@eldoradoconsultim.com<\/a>.  <\/p>\n    <\/article>\n\n    <article id=\"changes-to-policy\">\n        <h3>Modifications de cette politique<\/h3>\n        <p> Nous pouvons mettre \u00e0 jour cette politique de confidentialit\u00e9 de temps \u00e0 autre. Toute modification sera publi\u00e9e sur cette page avec une date de r\u00e9vision mise \u00e0 jour.  <\/p>\n    <\/article>\n\n    <article id=\"contact\">\n        <h3>Contactez-nous<\/h3>\n        <p> Si vous avez des questions concernant cette politique de confidentialit\u00e9, veuillez nous contacter \u00e0 <a href=\"mailto:contact@eldoradoconsultim.com\">contact@eldoradoconsultim.com<\/a>. <\/p>\n    <\/article>\n<\/section>\n\t\t\t\t\t\t<\/div>\n\t\t\t\t<\/div>\n\t\t\t\t\t<\/div>\n\t\t\t\t<\/div>\n\t\t<div class=\"elementor-element elementor-element-7383018 e-flex e-con-boxed e-con e-parent\" data-id=\"7383018\" data-element_type=\"container\">\n\t\t\t\t\t<div class=\"e-con-inner\">\n\t\t\t\t<div class=\"elementor-element elementor-element-4fdd9454 elementor-widget elementor-widget-text-editor\" data-id=\"4fdd9454\" data-element_type=\"widget\" data-widget_type=\"text-editor.default\">\n\t\t\t\t<div class=\"elementor-widget-container\">\n\t\t\t\t\t\t\t\u00a9 2026 ELDORADO CONSULTIM\t\t\t\t\t\t<\/div>\n\t\t\t\t<\/div>\n\t\t\t\t\t<\/div>\n\t\t\t\t<\/div>\n\t\t<div class=\"elementor-element elementor-element-c2f6efc legal-links e-flex e-con-boxed e-con e-parent\" data-id=\"c2f6efc\" data-element_type=\"container\">\n\t\t\t\t\t<div class=\"e-con-inner\">\n\t\t\t\t<div class=\"elementor-element elementor-element-88a42f5 elementor-widget elementor-widget-text-editor\" data-id=\"88a42f5\" data-element_type=\"widget\" data-widget_type=\"text-editor.default\">\n\t\t\t\t<div class=\"elementor-widget-container\">\n\t\t\t\t\t\t\t<a href=\"https:\/\/eldorado.nugrafik.com\/fr\/mentions-legales\/\">Mentions l\u00e9gales\n<\/a>\t\t\t\t\t\t<\/div>\n\t\t\t\t<\/div>\n\t\t\t\t<div class=\"elementor-element elementor-element-ae7eda3 elementor-widget elementor-widget-text-editor\" data-id=\"ae7eda3\" data-element_type=\"widget\" data-widget_type=\"text-editor.default\">\n\t\t\t\t<div class=\"elementor-widget-container\">\n\t\t\t\t\t\t\t<a href=\"https:\/\/eldorado.nugrafik.com\/fr\/cgv\/\">CGV<\/a>\t\t\t\t\t\t<\/div>\n\t\t\t\t<\/div>\n\t\t\t\t<div class=\"elementor-element elementor-element-d41d671 elementor-widget elementor-widget-text-editor\" data-id=\"d41d671\" data-element_type=\"widget\" data-widget_type=\"text-editor.default\">\n\t\t\t\t<div class=\"elementor-widget-container\">\n\t\t\t\t\t\t\t<a href=\"https:\/\/eldorado.nugrafik.com\/fr\/cgu\/\">CGU<\/a>\t\t\t\t\t\t<\/div>\n\t\t\t\t<\/div>\n\t\t\t\t\t<\/div>\n\t\t\t\t<\/div>\n\t\t<div class=\"elementor-element elementor-element-3f6988cf e-flex e-con-boxed e-con e-parent\" data-id=\"3f6988cf\" data-element_type=\"container\">\n\t\t\t\t\t<div class=\"e-con-inner\">\n\t\t\t\t<div class=\"elementor-element elementor-element-1b26ad59 elementor-widget elementor-widget-html\" data-id=\"1b26ad59\" data-element_type=\"widget\" data-widget_type=\"html.default\">\n\t\t\t\t<div class=\"elementor-widget-container\">\n\t\t\t<script>document.addEventListener('DOMContentLoaded', function() {\njQuery(function($) {\nvar mywindow = $(window);\nvar mypos = mywindow.scrollTop();\nlet scrolling = false; \/* For throlling scroll event *\/\nwindow.addEventListener('scroll', function() {\nscrolling = true;\n});\nsetInterval(() => {\nif (scrolling) {\nscrolling = false;\nif (mypos > 40) {\nif (mywindow.scrollTop() > mypos) {\n$('#site-header').addClass('headerup');\n} else {\n$('#site-header').removeClass('headerup');\n}\n}\nmypos = mywindow.scrollTop();\n}\n}, 300);\n});\n});\n\n<\/script><style>#site-header{\n    box-shadow: 0 4px 8px rgba(0, 0, 0, 0.1);\nposition: fixed;\nz-index: 999;\n  left: 0;\n  width: 100%;\n  background-color: #fff;\ntransition : transform 0.34s ease;\n}\n.headerup{\ntransform: translateY(-120px); \/*adjust this value to the height of your header*\/\n}\n\n#site-header nav > ul {\n    justify-content: space-between;\n}\n\n#site-header nav > ul.elementor-nav-menu.elementor-nav-menu.elementor-nav-menu > li {\n    position: relative;\n    z-index: 1;\n    flex-grow: 0;\n}\n\n#site-header nav > ul > li:not(.wpml-ls-menu-item)::before {\n    content: '';\n    position: absolute;\n    width: 100%;\n    height: 3px; \/* How thick the line is *\/\n    background-color: #D7651D !important; \/* Color of the line *\/\n    transition: transform 0.7s cubic-bezier(1, 0, 0, 1); \/* Adjust the transition duration and timing function here, use website cubic-bezier.com for a fancy timing function *\/\n    bottom: -4px; \/* Vertical positioning of the line *\/\n    opacity: 1 !important; \/* !important is only needed for nav menu element, you can delete it for the others *\/\n    left: 0;\n    z-index: -3;\n    transform: scaleX(0);\n    transform-origin: right;\n}\n\n#site-header nav > ul > li:not(.wpml-ls-menu-item):hover::before {\n    transform: scaleX(1);\n    transform-origin: left;\n}\n\n#site-header nav > ul.elementor-nav-menu.elementor-nav-menu.elementor-nav-menu > li > a {\n    margin-inline-end: 0px;\n    margin-inline-start: 0px;\n}\n\n#site-header .elementor-nav-menu:after {\n    content: none;\n}\n\n\n<\/style>\t\t<\/div>\n\t\t\t\t<\/div>\n\t\t\t\t\t<\/div>\n\t\t\t\t<\/div>\n\t\t\t\t<\/div>\n\t\t","protected":false},"excerpt":{"rendered":"<p>Politique de confidentialit\u00e9 Collecte de donn\u00e9es Nous collectons les donn\u00e9es personnelles que vous nous fournissez volontairement lorsque vous demandez notre liste de prix ou que vous nous contactez via le site web. Les informations que nous collectons peuvent inclure votre nom, votre adresse e-mail et votre num\u00e9ro de t\u00e9l\u00e9phone. Utilisation des donn\u00e9es Nous utilisons les [&hellip;]<\/p>\n","protected":false},"author":1,"featured_media":0,"parent":0,"menu_order":0,"comment_status":"closed","ping_status":"closed","template":"","meta":{"inline_featured_image":false,"footnotes":""},"class_list":["post-568","page","type-page","status-publish","hentry"],"_links":{"self":[{"href":"https:\/\/eldorado.nugrafik.com\/fr\/wp-json\/wp\/v2\/pages\/568","targetHints":{"allow":["GET"]}}],"collection":[{"href":"https:\/\/eldorado.nugrafik.com\/fr\/wp-json\/wp\/v2\/pages"}],"about":[{"href":"https:\/\/eldorado.nugrafik.com\/fr\/wp-json\/wp\/v2\/types\/page"}],"author":[{"embeddable":true,"href":"https:\/\/eldorado.nugrafik.com\/fr\/wp-json\/wp\/v2\/users\/1"}],"replies":[{"embeddable":true,"href":"https:\/\/eldorado.nugrafik.com\/fr\/wp-json\/wp\/v2\/comments?post=568"}],"version-history":[{"count":7,"href":"https:\/\/eldorado.nugrafik.com\/fr\/wp-json\/wp\/v2\/pages\/568\/revisions"}],"predecessor-version":[{"id":729,"href":"https:\/\/eldorado.nugrafik.com\/fr\/wp-json\/wp\/v2\/pages\/568\/revisions\/729"}],"wp:attachment":[{"href":"https:\/\/eldorado.nugrafik.com\/fr\/wp-json\/wp\/v2\/media?parent=568"}],"curies":[{"name":"wp","href":"https:\/\/api.w.org\/{rel}","templated":true}]}}