{"id":566,"date":"2024-09-30T12:50:47","date_gmt":"2024-09-30T10:50:47","guid":{"rendered":"https:\/\/eldorado.nugrafik.com\/conditions-generales-dutilisation\/"},"modified":"2024-10-03T12:01:22","modified_gmt":"2024-10-03T10:01:22","slug":"cgu","status":"publish","type":"page","link":"https:\/\/eldorado.nugrafik.com\/fr\/cgu\/","title":{"rendered":"Conditions G\u00e9n\u00e9rales d&rsquo;Utilisation"},"content":{"rendered":"\t\t<div data-elementor-type=\"wp-page\" data-elementor-id=\"566\" class=\"elementor elementor-566 elementor-444\" data-elementor-post-type=\"page\">\n\t\t\t\t<div class=\"elementor-element elementor-element-3c77a9d5 e-flex e-con-boxed e-con e-parent\" data-id=\"3c77a9d5\" data-element_type=\"container\" data-settings=\"{&quot;background_background&quot;:&quot;classic&quot;}\">\n\t\t\t\t\t<div class=\"e-con-inner\">\n\t\t\t\t<div class=\"elementor-element elementor-element-4eb2b1eb elementor-widget elementor-widget-heading\" data-id=\"4eb2b1eb\" data-element_type=\"widget\" data-widget_type=\"heading.default\">\n\t\t\t\t<div class=\"elementor-widget-container\">\n\t\t\t<h2 class=\"elementor-heading-title elementor-size-default\">Conditions G\u00e9n\u00e9rales d'Utilisation<\/h2>\t\t<\/div>\n\t\t\t\t<\/div>\n\t\t\t\t\t<\/div>\n\t\t\t\t<\/div>\n\t\t<div class=\"elementor-element elementor-element-74aad22e e-flex e-con-boxed e-con e-parent\" data-id=\"74aad22e\" data-element_type=\"container\">\n\t\t\t\t\t<div class=\"e-con-inner\">\n\t\t\t\t<div class=\"elementor-element elementor-element-7e9dc929 elementor-widget elementor-widget-text-editor\" data-id=\"7e9dc929\" data-element_type=\"widget\" data-widget_type=\"text-editor.default\">\n\t\t\t\t<div class=\"elementor-widget-container\">\n\t\t\t\t\t\t\t<section id=\"terms-of-use\"><article id=\"acceptance\">\n<h3>Acceptation des conditions<\/h3>\nEn acc\u00e9dant \u00e0 ce site web et en l&rsquo;utilisant, vous acceptez de vous conformer \u00e0 ces conditions d&rsquo;utilisation. Si vous n&rsquo;\u00eates pas d&rsquo;accord avec l&rsquo;une de ces conditions, vous ne devez pas utiliser notre site web.\n\n<article id=\"personal-data\">\n<h3>Donn\u00e9es personnelles de navigation :<\/h3>\nLors de la navigation, nous recueillons des donn\u00e9es nominatives, des informations telles que votre adresse, votre nom, pr\u00e9nom, date de naissance, et num\u00e9ro de t\u00e9l\u00e9phone.\n\nLes donn\u00e9es personnelles ou nominatives collect\u00e9es sont n\u00e9cessaires pour l\u2019utilisation des services propos\u00e9es sur le site par ELDORADO CONSULTIM ou ses prestataires.\nL\u2019ensemble de ces donn\u00e9es recueillies seront trait\u00e9s conform\u00e9ment \u00e0 la loi n\u00b0 78-17 du 6 janvier 1978 dite \u00a0\u00bb informatique et libert\u00e9s \u00ab\u00a0, modifi\u00e9e par le r\u00e8glement 2016\/679 du Parlement europ\u00e9en et du Conseil du 27 avril 2016 dit r\u00e8glement g\u00e9n\u00e9ral sur la protection des donn\u00e9es (RGPD), vous disposez de droits d&rsquo;acc\u00e8s, d&rsquo;interrogation et d&rsquo;un droit de rectification de mise \u00e0 jour, d&rsquo;effacement de l&rsquo;ensemble des donn\u00e9es vous concernant qui seraient inexactes, incompl\u00e8tes, \u00e9quivoques ou p\u00e9rim\u00e9es, ou dont la collecte serait interdite, ainsi qu&rsquo;un droit d&rsquo;opposition dans le cadre de l\u2019article 21 du R\u00e8glement 2016\/679, ou d&rsquo;opposition \u00e0 l&rsquo;utilisation des donn\u00e9es \u00e0 des fins de prospection notamment commerciale, \u00e0 la limitation du traitement lorsque vous vous s\u2019y \u00eates oppos\u00e9, lorsque vous contestez l\u2019exactitude des donn\u00e9es, lorsque le traitement est illicite ou lorsque vous en avez besoin pour la constatation, l\u2019exercice ou la d\u00e9fense de vos droits en justice.\nVous disposez \u00e9galement du droit \u00e0 la portabilit\u00e9 des donn\u00e9es d\u00e9clar\u00e9es activement et consciemment lors de la cr\u00e9ation de votre compte ainsi que l\u2019ensemble des donn\u00e9es g\u00e9n\u00e9r\u00e9es par l\u2019activit\u00e9 de votre compte fid\u00e9lit\u00e9.\n\n<\/article>\n<article>\n    <h3>L\u2019utilisation des cookies par ELDORADO CONSULTIM<\/h3>\n\n    <h4>La dur\u00e9e de conservation des donn\u00e9es collect\u00e9es par les cookies<\/h4>\n    <p>\n        Les donn\u00e9es collect\u00e9es par les cookies sont conserv\u00e9es pendant une dur\u00e9e maximale de 13 mois \u00e0 compter de votre premi\u00e8re visite du site. Ainsi, les cookies se d\u00e9sinstallent de votre ordinateur automatiquement au bout de 13 mois.\n    <\/p>\n\n    <h4>Gestion des cookies<\/h4>\n    <p>\n        Il vous est possible de supprimer les cookies de votre ordinateur \u00e0 tout moment en suivant les modalit\u00e9s mentionn\u00e9es ci-apr\u00e8s. Nous vous informons que si vous supprimez les cookies qui ont \u00e9t\u00e9 install\u00e9s sur votre ordinateur, vous serez amen\u00e9s \u00e0 s\u00e9lectionner de nouveau votre magasin favori afin de pouvoir acc\u00e9der de fa\u00e7on optimale au site <a href=\"https:\/\/eldoradoconsultim.com\" target=\"_blank\">ELDORADOCONSULTIM.COM<\/a>.\n    <\/p>\n    <p>\n        Il vous est \u00e9galement possible de choisir de bloquer l\u2019implantation de cookies sur votre ordinateur directement dans les r\u00e9glages du serveur de votre navigateur. \u00c0 ce sujet, vous trouverez plus d\u2019informations sur la marche \u00e0 suivre en cliquant sur le lien suivant : <a href=\"https:\/\/www.cnil.fr\/fr\/cookies-les-outils-pour-les-maitriser\" target=\"_blank\">https:\/\/www.cnil.fr\/fr\/cookies-les-outils-pour-les-maitriser<\/a>. Cependant, il est \u00e0 noter que votre exp\u00e9rience de navigation sur le site pourra alors \u00eatre limit\u00e9e.\n    <\/p>\n    <p>La marche \u00e0 suivre afin de les supprimer est diff\u00e9rente selon les navigateurs :<\/p>\n    <ul>\n        <li>Sous Google Chrome, vous trouverez la marche \u00e0 suivre \u00e0 l\u2019adresse suivante :<br><a href=\"https:\/\/support.google.com\/chrome\/answer\/95647?hl=fr\" target=\"_blank\">https:\/\/support.google.com\/chrome\/answer\/95647?hl=fr<\/a><\/li>\n        <li>Sur Mozilla Firefox, vous trouverez la marche \u00e0 suivre \u00e0 l\u2019adresse suivante :<br><a href=\"https:\/\/support.mozilla.org\/fr\/kb\/activer-desactiver-cookies\" target=\"_blank\">https:\/\/support.mozilla.org\/fr\/kb\/activer-desactiver-cookies<\/a><\/li>\n        <li>Sur Internet Explorer, vous trouverez la marche \u00e0 suivre \u00e0 l\u2019adresse suivante :<br><a href=\"https:\/\/windows.microsoft.com\/fr-fr\/windows7\/block-enable-or-allow-cookies\" target=\"_blank\">https:\/\/windows.microsoft.com\/fr-fr\/windows7\/block-enable-or-allow-cookies<\/a><\/li>\n        <li>Sur Safari, vous trouverez la marche \u00e0 suivre \u00e0 l\u2019adresse suivante :<br><a href=\"http:\/\/safari.helpmax.net\/fr\/securite-et-confidentialite\/gestion-des-cookies\" target=\"_blank\">http:\/\/safari.helpmax.net\/fr\/securite-et-confidentialite\/gestion-des-cookies<\/a><\/li>\n    <\/ul>\n<\/article>\n\n\n\n<article id=\"user-responsibilities\">\n<h3>Responsabilit\u00e9s de l&rsquo;utilisateur<\/h3>\nVous vous engagez \u00e0 utiliser ce site web uniquement \u00e0 des fins l\u00e9gales. Vous ne devez pas vous engager dans des activit\u00e9s qui pourraient nuire, interrompre ou affecter n\u00e9gativement la fonctionnalit\u00e9 ou la s\u00e9curit\u00e9 de ce site web.\n\n<\/article><article id=\"intellectual-property\">\n<h3>Propri\u00e9t\u00e9 intellectuelle<\/h3>\nTout le contenu de ce site web, y compris, mais sans s&rsquo;y limiter, les textes, images, logos et graphiques, est la propri\u00e9t\u00e9 de ELDORADO CONSULTIM SARL ou de ses fournisseurs de contenu, et est prot\u00e9g\u00e9 par les lois sur le droit d&rsquo;auteur et la propri\u00e9t\u00e9 intellectuelle. Toute utilisation, reproduction ou distribution non autoris\u00e9e est strictement interdite.\n\n<\/article><article id=\"limitation-of-liability\">\n<h3>Limitation de responsabilit\u00e9<\/h3>\nELDORADO CONSULTIM SARL ne sera pas responsable des dommages directs, indirects, accessoires ou cons\u00e9cutifs d\u00e9coulant de l&rsquo;utilisation ou de l&rsquo;impossibilit\u00e9 d&rsquo;utiliser ce site web, y compris les pertes de profits, de donn\u00e9es ou d&rsquo;autres pertes intangibles.\n\n<\/article><article id=\"modifications\">\n<h3>Modifications<\/h3>\nNous nous r\u00e9servons le droit de mettre \u00e0 jour ou de modifier ces conditions d&rsquo;utilisation \u00e0 tout moment, sans pr\u00e9avis. L&rsquo;utilisation continue du site web constitue votre acceptation de ces modifications.\n\n<\/article><article id=\"governing-law\">\n<h3>Loi applicable<\/h3>\nCes conditions d&rsquo;utilisation sont r\u00e9gies et interpr\u00e9t\u00e9es conform\u00e9ment aux lois de la France. Tout litige li\u00e9 \u00e0 ces conditions sera soumis \u00e0 la comp\u00e9tence exclusive des tribunaux de Paris, France.\n\n<\/article><\/article><\/section>\t\t\t\t\t\t<\/div>\n\t\t\t\t<\/div>\n\t\t\t\t\t<\/div>\n\t\t\t\t<\/div>\n\t\t<div class=\"elementor-element elementor-element-203be9b1 e-flex e-con-boxed e-con e-parent\" data-id=\"203be9b1\" data-element_type=\"container\">\n\t\t\t\t\t<div class=\"e-con-inner\">\n\t\t\t\t<div class=\"elementor-element elementor-element-6701d171 elementor-widget elementor-widget-text-editor\" data-id=\"6701d171\" data-element_type=\"widget\" data-widget_type=\"text-editor.default\">\n\t\t\t\t<div class=\"elementor-widget-container\">\n\t\t\t\t\t\t\t\u00a9 2026 ELDORADO CONSULTIM\t\t\t\t\t\t<\/div>\n\t\t\t\t<\/div>\n\t\t\t\t\t<\/div>\n\t\t\t\t<\/div>\n\t\t<div class=\"elementor-element elementor-element-bca15c4 legal-links e-flex e-con-boxed e-con e-parent\" data-id=\"bca15c4\" data-element_type=\"container\">\n\t\t\t\t\t<div class=\"e-con-inner\">\n\t\t\t\t<div class=\"elementor-element elementor-element-77341d3 elementor-widget elementor-widget-text-editor\" data-id=\"77341d3\" data-element_type=\"widget\" data-widget_type=\"text-editor.default\">\n\t\t\t\t<div class=\"elementor-widget-container\">\n\t\t\t\t\t\t\t<a href=\"https:\/\/eldorado.nugrafik.com\/fr\/mentions-legales\/\">Mentions l\u00e9gales\n<\/a>\t\t\t\t\t\t<\/div>\n\t\t\t\t<\/div>\n\t\t\t\t<div class=\"elementor-element elementor-element-9a3e360 elementor-widget elementor-widget-text-editor\" data-id=\"9a3e360\" data-element_type=\"widget\" data-widget_type=\"text-editor.default\">\n\t\t\t\t<div class=\"elementor-widget-container\">\n\t\t\t\t\t\t\t<a href=\"https:\/\/eldorado.nugrafik.com\/fr\/cgv\/\">CGV<\/a>\t\t\t\t\t\t<\/div>\n\t\t\t\t<\/div>\n\t\t\t\t<div class=\"elementor-element elementor-element-a765001 elementor-widget elementor-widget-text-editor\" data-id=\"a765001\" data-element_type=\"widget\" data-widget_type=\"text-editor.default\">\n\t\t\t\t<div class=\"elementor-widget-container\">\n\t\t\t\t\t\t\t<a href=\"https:\/\/eldorado.nugrafik.com\/fr\/politique-de-confidentialite\/\">Politique de confidentialit\u00e9<\/a>\t\t\t\t\t\t<\/div>\n\t\t\t\t<\/div>\n\t\t\t\t\t<\/div>\n\t\t\t\t<\/div>\n\t\t<div class=\"elementor-element elementor-element-5a482851 e-flex e-con-boxed e-con e-parent\" data-id=\"5a482851\" data-element_type=\"container\">\n\t\t\t\t\t<div class=\"e-con-inner\">\n\t\t\t\t<div class=\"elementor-element elementor-element-3f7a13d1 elementor-widget elementor-widget-html\" data-id=\"3f7a13d1\" data-element_type=\"widget\" data-widget_type=\"html.default\">\n\t\t\t\t<div class=\"elementor-widget-container\">\n\t\t\t<script>document.addEventListener('DOMContentLoaded', function() {\njQuery(function($) {\nvar mywindow = $(window);\nvar mypos = mywindow.scrollTop();\nlet scrolling = false; \/* For throlling scroll event *\/\nwindow.addEventListener('scroll', function() {\nscrolling = true;\n});\nsetInterval(() => {\nif (scrolling) {\nscrolling = false;\nif (mypos > 40) {\nif (mywindow.scrollTop() > mypos) {\n$('#site-header').addClass('headerup');\n} else {\n$('#site-header').removeClass('headerup');\n}\n}\nmypos = mywindow.scrollTop();\n}\n}, 300);\n});\n});\n\n<\/script><style>#site-header{\n    box-shadow: 0 4px 8px rgba(0, 0, 0, 0.1);\nposition: fixed;\nz-index: 999;\n  left: 0;\n  width: 100%;\n  background-color: #fff;\ntransition : transform 0.34s ease;\n}\n.headerup{\ntransform: translateY(-120px); \/*adjust this value to the height of your header*\/\n}\n\n#site-header nav > ul {\n    justify-content: space-between;\n}\n\n#site-header nav > ul.elementor-nav-menu.elementor-nav-menu.elementor-nav-menu > li {\n    position: relative;\n    z-index: 1;\n    flex-grow: 0;\n}\n\n#site-header nav > ul > li:not(.wpml-ls-menu-item)::before {\n    content: '';\n    position: absolute;\n    width: 100%;\n    height: 3px; \/* How thick the line is *\/\n    background-color: #D7651D !important; \/* Color of the line *\/\n    transition: transform 0.7s cubic-bezier(1, 0, 0, 1); \/* Adjust the transition duration and timing function here, use website cubic-bezier.com for a fancy timing function *\/\n    bottom: -4px; \/* Vertical positioning of the line *\/\n    opacity: 1 !important; \/* !important is only needed for nav menu element, you can delete it for the others *\/\n    left: 0;\n    z-index: -3;\n    transform: scaleX(0);\n    transform-origin: right;\n}\n\n#site-header nav > ul > li:not(.wpml-ls-menu-item):hover::before {\n    transform: scaleX(1);\n    transform-origin: left;\n}\n\n#site-header nav > ul.elementor-nav-menu.elementor-nav-menu.elementor-nav-menu > li > a {\n    margin-inline-end: 0px;\n    margin-inline-start: 0px;\n}\n\n#site-header .elementor-nav-menu:after {\n    content: none;\n}\n\n\n<\/style>\t\t<\/div>\n\t\t\t\t<\/div>\n\t\t\t\t\t<\/div>\n\t\t\t\t<\/div>\n\t\t\t\t<\/div>\n\t\t","protected":false},"excerpt":{"rendered":"<p>Conditions G\u00e9n\u00e9rales d&rsquo;Utilisation Acceptation des conditions En acc\u00e9dant \u00e0 ce site web et en l&rsquo;utilisant, vous acceptez de vous conformer \u00e0 ces conditions d&rsquo;utilisation. Si vous n&rsquo;\u00eates pas d&rsquo;accord avec l&rsquo;une de ces conditions, vous ne devez pas utiliser notre site web. Donn\u00e9es personnelles de navigation : Lors de la navigation, nous recueillons des donn\u00e9es [&hellip;]<\/p>\n","protected":false},"author":1,"featured_media":0,"parent":0,"menu_order":0,"comment_status":"closed","ping_status":"closed","template":"","meta":{"inline_featured_image":false,"footnotes":""},"class_list":["post-566","page","type-page","status-publish","hentry"],"_links":{"self":[{"href":"https:\/\/eldorado.nugrafik.com\/fr\/wp-json\/wp\/v2\/pages\/566","targetHints":{"allow":["GET"]}}],"collection":[{"href":"https:\/\/eldorado.nugrafik.com\/fr\/wp-json\/wp\/v2\/pages"}],"about":[{"href":"https:\/\/eldorado.nugrafik.com\/fr\/wp-json\/wp\/v2\/types\/page"}],"author":[{"embeddable":true,"href":"https:\/\/eldorado.nugrafik.com\/fr\/wp-json\/wp\/v2\/users\/1"}],"replies":[{"embeddable":true,"href":"https:\/\/eldorado.nugrafik.com\/fr\/wp-json\/wp\/v2\/comments?post=566"}],"version-history":[{"count":18,"href":"https:\/\/eldorado.nugrafik.com\/fr\/wp-json\/wp\/v2\/pages\/566\/revisions"}],"predecessor-version":[{"id":726,"href":"https:\/\/eldorado.nugrafik.com\/fr\/wp-json\/wp\/v2\/pages\/566\/revisions\/726"}],"wp:attachment":[{"href":"https:\/\/eldorado.nugrafik.com\/fr\/wp-json\/wp\/v2\/media?parent=566"}],"curies":[{"name":"wp","href":"https:\/\/api.w.org\/{rel}","templated":true}]}}