{"id":564,"date":"2024-09-30T12:44:12","date_gmt":"2024-09-30T10:44:12","guid":{"rendered":"https:\/\/eldorado.nugrafik.com\/conditions-de-vente\/"},"modified":"2024-10-03T11:55:38","modified_gmt":"2024-10-03T09:55:38","slug":"cgv","status":"publish","type":"page","link":"https:\/\/eldorado.nugrafik.com\/fr\/cgv\/","title":{"rendered":"Conditions G\u00e9n\u00e9rales de Vente"},"content":{"rendered":"\t\t<div data-elementor-type=\"wp-page\" data-elementor-id=\"564\" class=\"elementor elementor-564 elementor-438\" data-elementor-post-type=\"page\">\n\t\t\t\t<div class=\"elementor-element elementor-element-5a068fac e-flex e-con-boxed e-con e-parent\" data-id=\"5a068fac\" data-element_type=\"container\" data-settings=\"{&quot;background_background&quot;:&quot;classic&quot;}\">\n\t\t\t\t\t<div class=\"e-con-inner\">\n\t\t\t\t<div class=\"elementor-element elementor-element-57b70371 elementor-widget elementor-widget-heading\" data-id=\"57b70371\" data-element_type=\"widget\" data-widget_type=\"heading.default\">\n\t\t\t\t<div class=\"elementor-widget-container\">\n\t\t\t<h2 class=\"elementor-heading-title elementor-size-default\">Conditions G\u00e9n\u00e9rales de Vente<\/h2>\t\t<\/div>\n\t\t\t\t<\/div>\n\t\t\t\t\t<\/div>\n\t\t\t\t<\/div>\n\t\t<div class=\"elementor-element elementor-element-674a41c1 e-flex e-con-boxed e-con e-parent\" data-id=\"674a41c1\" data-element_type=\"container\">\n\t\t\t\t\t<div class=\"e-con-inner\">\n\t\t\t\t<div class=\"elementor-element elementor-element-28d62286 elementor-widget elementor-widget-text-editor\" data-id=\"28d62286\" data-element_type=\"widget\" data-widget_type=\"text-editor.default\">\n\t\t\t\t<div class=\"elementor-widget-container\">\n\t\t\t\t\t\t\t<section id=\"terms-of-sale\"><article id=\"scope\">\n<h3>Champ d&rsquo;application<\/h3>\nLes pr\u00e9sentes conditions de vente r\u00e9gissent toute transaction entre ELDORADO CONSULTIM SARL.\n(\u00ab\u00a0nous\u00a0\u00bb, \u00ab\u00a0notre\u00a0\u00bb, \u00ab\u00a0nos\u00a0\u00bb) et les clients (\u00ab\u00a0vous\u00a0\u00bb).\nEn acc\u00e9dant \u00e0 notre site web et en l&rsquo;utilisant pour demander des informations ou des prix, vous acceptez ces conditions.\n\n<\/article><article id=\"product-information\">\n<h3>Informations sur le produit<\/h3>\nLes informations fournies sur nos vins et champagnes ne le sont qu&rsquo;\u00e0 titre indicatif.\nLes prix et la disponibilit\u00e9 des produits peuvent \u00eatre modifi\u00e9s sans pr\u00e9avis.\nLes images et les descriptions peuvent varier l\u00e9g\u00e8rement par rapport au produit r\u00e9el.\n\n<\/article><article id=\"price\">\n<h3>Prix<\/h3>\nTous les prix sont affich\u00e9s en euros (EUR) et n&rsquo;incluent pas les taxes applicables, sauf indication contraire.\nLes prix peuvent \u00eatre mis \u00e0 jour p\u00e9riodiquement et sont susceptibles d&rsquo;\u00eatre modifi\u00e9s sans pr\u00e9avis.\n\n<\/article><article id=\"order-process\">\n<h3>Processus de commande<\/h3>\nCe site n&rsquo;\u00e9tant pas une plateforme de commerce \u00e9lectronique, vous pouvez demander notre liste de prix ou nous contacter pour conna\u00eetre la disponibilit\u00e9 des produits.\nToutes les commandes sont soumises \u00e0 l&rsquo;acceptation d&rsquo;ELDORADO CONSULTIM SARL.\n\n<\/article><article id=\"payment\">\n<h3>Paiement<\/h3>\nLes modalit\u00e9s de paiement vous seront communiqu\u00e9es lors de la confirmation de la commande.\nLe paiement doit \u00eatre effectu\u00e9 avant la livraison des produits, sauf accord contraire. Comme mentionn\u00e9 lors de l\u2019\u00e9tablissement de la facture : En cas de retard de paiement, la p\u00e9nalit\u00e9 sera \u00e9gale \u00e0 1,5 fois le taux l\u00e9gal. De convention expresse, les marchandises fournies resteront notre propri\u00e9t\u00e9 jusqu&rsquo;au dernier jour de leur parfait paiement ceci conform\u00e9ment aux termes de la loi n\u00b0 80.335 du 12\/05\/80.\n\n<\/article><article id=\"returns\">\n<h3>Retours et remboursements<\/h3>\nEn raison de la nature de nos produits, les retours sont accept\u00e9s qu\u2019en cas d\u2019erreur de r\u00e9f\u00e9rences identifi\u00e9s lors de la livraison. Veuillez nous contacter dans les 14 jours suivant la r\u00e9ception pour organiser un retour ou un remplacement.\nLe client assume la responsabilit\u00e9 et les risques li\u00e9s \u00e0 la livraison. Une fois le paiement effectu\u00e9, le transfert de propri\u00e9t\u00e9 est r\u00e9put\u00e9 accompli. Le client agit d\u00e8s lors en qualit\u00e9 de propri\u00e9taire de la marchandise et assume \u00e9galement les risques li\u00e9s \u00e0 l\u2019entreposage au sein de nos stocks.\n\n\n<\/article><article id=\"governing-law\">\n<h3>Droit applicable<\/h3>\nLes pr\u00e9sentes conditions de vente sont r\u00e9gies et interpr\u00e9t\u00e9es conform\u00e9ment au droit fran\u00e7ais.\nTout litige sera r\u00e9solu par les tribunaux de Paris, France.\n\n<\/article><\/section>\t\t\t\t\t\t<\/div>\n\t\t\t\t<\/div>\n\t\t\t\t\t<\/div>\n\t\t\t\t<\/div>\n\t\t<div class=\"elementor-element elementor-element-64cbf5c0 e-flex e-con-boxed e-con e-parent\" data-id=\"64cbf5c0\" data-element_type=\"container\">\n\t\t\t\t\t<div class=\"e-con-inner\">\n\t\t\t\t<div class=\"elementor-element elementor-element-753500ee elementor-widget elementor-widget-text-editor\" data-id=\"753500ee\" data-element_type=\"widget\" data-widget_type=\"text-editor.default\">\n\t\t\t\t<div class=\"elementor-widget-container\">\n\t\t\t\t\t\t\t\u00a9 2026  ELDORADO CONSULTIM\t\t\t\t\t\t<\/div>\n\t\t\t\t<\/div>\n\t\t\t\t\t<\/div>\n\t\t\t\t<\/div>\n\t\t<div class=\"elementor-element elementor-element-094d75f legal-links e-flex e-con-boxed e-con e-parent\" data-id=\"094d75f\" data-element_type=\"container\">\n\t\t\t\t\t<div class=\"e-con-inner\">\n\t\t\t\t<div class=\"elementor-element elementor-element-6e6e78a elementor-widget elementor-widget-text-editor\" data-id=\"6e6e78a\" data-element_type=\"widget\" data-widget_type=\"text-editor.default\">\n\t\t\t\t<div class=\"elementor-widget-container\">\n\t\t\t\t\t\t\t<a href=\"https:\/\/eldorado.nugrafik.com\/fr\/mentions-legales\/\">Mentions l\u00e9gales\n<\/a>\t\t\t\t\t\t<\/div>\n\t\t\t\t<\/div>\n\t\t\t\t<div class=\"elementor-element elementor-element-545e3d2 elementor-widget elementor-widget-text-editor\" data-id=\"545e3d2\" data-element_type=\"widget\" data-widget_type=\"text-editor.default\">\n\t\t\t\t<div class=\"elementor-widget-container\">\n\t\t\t\t\t\t\t<a href=\"https:\/\/eldorado.nugrafik.com\/fr\/cgu\/\">CGU<\/a>\t\t\t\t\t\t<\/div>\n\t\t\t\t<\/div>\n\t\t\t\t<div class=\"elementor-element elementor-element-a8d515a elementor-widget elementor-widget-text-editor\" data-id=\"a8d515a\" data-element_type=\"widget\" data-widget_type=\"text-editor.default\">\n\t\t\t\t<div class=\"elementor-widget-container\">\n\t\t\t\t\t\t\t<a href=\"https:\/\/eldorado.nugrafik.com\/fr\/politique-de-confidentialite\/\">Politique de confidentialit\u00e9<\/a>\t\t\t\t\t\t<\/div>\n\t\t\t\t<\/div>\n\t\t\t\t\t<\/div>\n\t\t\t\t<\/div>\n\t\t<div class=\"elementor-element elementor-element-798ced89 e-flex e-con-boxed e-con e-parent\" data-id=\"798ced89\" data-element_type=\"container\">\n\t\t\t\t\t<div class=\"e-con-inner\">\n\t\t\t\t<div class=\"elementor-element elementor-element-3db14ab7 elementor-widget elementor-widget-html\" data-id=\"3db14ab7\" data-element_type=\"widget\" data-widget_type=\"html.default\">\n\t\t\t\t<div class=\"elementor-widget-container\">\n\t\t\t<script>document.addEventListener('DOMContentLoaded', function() {\njQuery(function($) {\nvar mywindow = $(window);\nvar mypos = mywindow.scrollTop();\nlet scrolling = false; \/* For throlling scroll event *\/\nwindow.addEventListener('scroll', function() {\nscrolling = true;\n});\nsetInterval(() => {\nif (scrolling) {\nscrolling = false;\nif (mypos > 40) {\nif (mywindow.scrollTop() > mypos) {\n$('#site-header').addClass('headerup');\n} else {\n$('#site-header').removeClass('headerup');\n}\n}\nmypos = mywindow.scrollTop();\n}\n}, 300);\n});\n});\n\n<\/script><style>#site-header{\n    box-shadow: 0 4px 8px rgba(0, 0, 0, 0.1);\nposition: fixed;\nz-index: 999;\n  left: 0;\n  width: 100%;\n  background-color: #fff;\ntransition : transform 0.34s ease;\n}\n.headerup{\ntransform: translateY(-120px); \/*adjust this value to the height of your header*\/\n}\n\n#site-header nav > ul {\n    justify-content: space-between;\n}\n\n#site-header nav > ul.elementor-nav-menu.elementor-nav-menu.elementor-nav-menu > li {\n    position: relative;\n    z-index: 1;\n    flex-grow: 0;\n}\n\n#site-header nav > ul > li:not(.wpml-ls-menu-item)::before {\n    content: '';\n    position: absolute;\n    width: 100%;\n    height: 3px; \/* How thick the line is *\/\n    background-color: #D7651D !important; \/* Color of the line *\/\n    transition: transform 0.7s cubic-bezier(1, 0, 0, 1); \/* Adjust the transition duration and timing function here, use website cubic-bezier.com for a fancy timing function *\/\n    bottom: -4px; \/* Vertical positioning of the line *\/\n    opacity: 1 !important; \/* !important is only needed for nav menu element, you can delete it for the others *\/\n    left: 0;\n    z-index: -3;\n    transform: scaleX(0);\n    transform-origin: right;\n}\n\n#site-header nav > ul > li:not(.wpml-ls-menu-item):hover::before {\n    transform: scaleX(1);\n    transform-origin: left;\n}\n\n#site-header nav > ul.elementor-nav-menu.elementor-nav-menu.elementor-nav-menu > li > a {\n    margin-inline-end: 0px;\n    margin-inline-start: 0px;\n}\n\n#site-header .elementor-nav-menu:after {\n    content: none;\n}\n\n\n<\/style>\t\t<\/div>\n\t\t\t\t<\/div>\n\t\t\t\t\t<\/div>\n\t\t\t\t<\/div>\n\t\t\t\t<\/div>\n\t\t","protected":false},"excerpt":{"rendered":"<p>Conditions G\u00e9n\u00e9rales de Vente Champ d&rsquo;application Les pr\u00e9sentes conditions de vente r\u00e9gissent toute transaction entre ELDORADO CONSULTIM SARL. (\u00ab\u00a0nous\u00a0\u00bb, \u00ab\u00a0notre\u00a0\u00bb, \u00ab\u00a0nos\u00a0\u00bb) et les clients (\u00ab\u00a0vous\u00a0\u00bb). En acc\u00e9dant \u00e0 notre site web et en l&rsquo;utilisant pour demander des informations ou des prix, vous acceptez ces conditions. Informations sur le produit Les informations fournies sur nos vins [&hellip;]<\/p>\n","protected":false},"author":1,"featured_media":0,"parent":0,"menu_order":0,"comment_status":"closed","ping_status":"closed","template":"","meta":{"inline_featured_image":false,"footnotes":""},"class_list":["post-564","page","type-page","status-publish","hentry"],"_links":{"self":[{"href":"https:\/\/eldorado.nugrafik.com\/fr\/wp-json\/wp\/v2\/pages\/564","targetHints":{"allow":["GET"]}}],"collection":[{"href":"https:\/\/eldorado.nugrafik.com\/fr\/wp-json\/wp\/v2\/pages"}],"about":[{"href":"https:\/\/eldorado.nugrafik.com\/fr\/wp-json\/wp\/v2\/types\/page"}],"author":[{"embeddable":true,"href":"https:\/\/eldorado.nugrafik.com\/fr\/wp-json\/wp\/v2\/users\/1"}],"replies":[{"embeddable":true,"href":"https:\/\/eldorado.nugrafik.com\/fr\/wp-json\/wp\/v2\/comments?post=564"}],"version-history":[{"count":17,"href":"https:\/\/eldorado.nugrafik.com\/fr\/wp-json\/wp\/v2\/pages\/564\/revisions"}],"predecessor-version":[{"id":702,"href":"https:\/\/eldorado.nugrafik.com\/fr\/wp-json\/wp\/v2\/pages\/564\/revisions\/702"}],"wp:attachment":[{"href":"https:\/\/eldorado.nugrafik.com\/fr\/wp-json\/wp\/v2\/media?parent=564"}],"curies":[{"name":"wp","href":"https:\/\/api.w.org\/{rel}","templated":true}]}}