{"id":562,"date":"2024-09-30T00:26:53","date_gmt":"2024-09-29T22:26:53","guid":{"rendered":"https:\/\/eldorado.nugrafik.com\/avis-juridique\/"},"modified":"2024-10-03T12:00:22","modified_gmt":"2024-10-03T10:00:22","slug":"mentions-legales","status":"publish","type":"page","link":"https:\/\/eldorado.nugrafik.com\/fr\/mentions-legales\/","title":{"rendered":"Mentions l\u00e9gales"},"content":{"rendered":"\t\t<div data-elementor-type=\"wp-page\" data-elementor-id=\"562\" class=\"elementor elementor-562 elementor-361\" data-elementor-post-type=\"page\">\n\t\t\t\t<div class=\"elementor-element elementor-element-1179503 e-flex e-con-boxed e-con e-parent\" data-id=\"1179503\" data-element_type=\"container\" data-settings=\"{&quot;background_background&quot;:&quot;classic&quot;}\">\n\t\t\t\t\t<div class=\"e-con-inner\">\n\t\t\t\t<div class=\"elementor-element elementor-element-1def161 elementor-widget elementor-widget-heading\" data-id=\"1def161\" data-element_type=\"widget\" data-widget_type=\"heading.default\">\n\t\t\t\t<div class=\"elementor-widget-container\">\n\t\t\t<h2 class=\"elementor-heading-title elementor-size-default\">Mentions l\u00e9gales<\/h2>\t\t<\/div>\n\t\t\t\t<\/div>\n\t\t\t\t\t<\/div>\n\t\t\t\t<\/div>\n\t\t<div class=\"elementor-element elementor-element-921423a e-flex e-con-boxed e-con e-parent\" data-id=\"921423a\" data-element_type=\"container\">\n\t\t\t\t\t<div class=\"e-con-inner\">\n\t\t\t\t<div class=\"elementor-element elementor-element-76dadf8 elementor-widget elementor-widget-text-editor\" data-id=\"76dadf8\" data-element_type=\"widget\" data-widget_type=\"text-editor.default\">\n\t\t\t\t<div class=\"elementor-widget-container\">\n\t\t\t\t\t\t\t<section id=\"legal-notice\">\n<article id=\"company-information\">\n<h3>Informations sur l&rsquo;entreprise<\/h3>\n<p><strong>Nom de l&rsquo;entreprise :<\/strong> ELDORADO CONSULTIM SARL<br \/><strong>Adresse :<\/strong> 2 B rue de varize 75016 Paris, France<br \/><strong>Email :<\/strong> <a href=\"mailto:contact@eldoradoconsultim.com\">contact@eldoradoconsultim.com<\/a><br \/><strong>Num\u00e9ro<\/strong> SIREN<strong>:<\/strong> 905 001 319<br \/><strong>Num\u00e9ro<\/strong> SIRET<strong>:<\/strong> 905 001 319 00011<br \/><strong>Num\u00e9ro de TVA :<\/strong> FR62 905 001 319<br \/><strong>Num\u00e9ro<\/strong> EORI<strong>:<\/strong> FR 905 001 319 00011<\/p>\n<\/article>\n<article id=\"hosting-provider\">\n<h3>Fournisseur d&rsquo;h\u00e9bergement<\/h3>\n<p><strong>Soci\u00e9t\u00e9 d&rsquo;h\u00e9bergement :<\/strong> Infomaniak Network SA<br \/><strong>Adresse :<\/strong> Rue Eug\u00e8ne Marziano 25 Les Acacias, Gen\u00e8ve, Suisse<\/p>\n<\/article>\n<article id=\"intellectual-property\">\n<h3>Propri\u00e9t\u00e9 intellectuelle<\/h3>\n<p>Tout le contenu de ce site web, y compris, mais sans s&rsquo;y limiter, les textes, les images, les logos et les graphiques, est la propri\u00e9t\u00e9 d&rsquo;ELDORADO CONSULTIM SARL ou de ses fournisseurs de contenu, et est prot\u00e9g\u00e9 par les lois sur les droits d&rsquo;auteur et la propri\u00e9t\u00e9 intellectuelle.<br \/>\nL&rsquo;utilisation, la reproduction ou la distribution non autoris\u00e9e de ce contenu est strictement interdite. <\/p>\n<\/article>\n<article id=\"website-use\">\n<h3>Utilisation du site web<\/h3>\n<p>Les informations fournies sur ce site web le sont \u00e0 des fins d&rsquo;information g\u00e9n\u00e9rale uniquement.<br \/>\nBien que nous nous efforcions de fournir des informations exactes et \u00e0 jour, ELDORADO CONSULTIM SARL ne fait aucune d\u00e9claration et ne donne aucune garantie, expresse ou implicite, quant \u00e0 l&rsquo;exhaustivit\u00e9, l&rsquo;exactitude, la fiabilit\u00e9 ou la disponibilit\u00e9 des informations figurant sur le site web. <\/p>\n<\/article>\n<article id=\"liability\">\n<h3>Limitation de la responsabilit\u00e9<\/h3>\n<p>ELDORADO CONSULTIM SARL n&rsquo;est pas responsable des dommages directs, indirects, accessoires ou cons\u00e9cutifs r\u00e9sultant de l&rsquo;utilisation de ce site web ou de l&rsquo;impossibilit\u00e9 de l&rsquo;utiliser, y compris, mais sans s&rsquo;y limiter, les dommages li\u00e9s \u00e0 la perte de b\u00e9n\u00e9fices, de donn\u00e9es ou d&rsquo;autres pertes intangibles.<\/p>\n<\/article>\n<article id=\"external-links\">\n<h3>Liens externes<\/h3>\n<p>Ce site web peut contenir des liens vers des sites web externes.<br \/>\nELDORADO CONSULTIM SARL n&rsquo;est pas responsable du contenu ou des pratiques de confidentialit\u00e9 de ces sites externes.<br \/>\nL&rsquo;inclusion de liens n&rsquo;implique pas que nous approuvions le contenu de ces sites.  <\/p>\n<\/article>\n<article id=\"privacy-policy\">\n<h3>Politique de confidentialit\u00e9<\/h3>\n<p>Votre vie priv\u00e9e nous tient \u00e0 c\u0153ur.<br \/>\nToute information personnelle recueillie sur ce site, par exemple par le biais de formulaires de contact ou de demandes de t\u00e9l\u00e9chargement de notre liste de prix, sera utilis\u00e9e uniquement pour r\u00e9pondre \u00e0 vos demandes et ne sera pas communiqu\u00e9e \u00e0 des tiers sans votre consentement. <\/p>\n<\/article>\n<article id=\"governing-law\">\n<h3>Droit applicable<\/h3>\n<p>Les pr\u00e9sentes mentions l\u00e9gales sont r\u00e9gies et interpr\u00e9t\u00e9es conform\u00e9ment aux lois fran\u00e7aises.<br \/>\nTout litige relatif \u00e0 ces mentions l\u00e9gales sera soumis \u00e0 la comp\u00e9tence exclusive des tribunaux de Paris, France. <\/p>\n<\/article>\n<\/section>\n\t\t\t\t\t\t<\/div>\n\t\t\t\t<\/div>\n\t\t\t\t\t<\/div>\n\t\t\t\t<\/div>\n\t\t<div class=\"elementor-element elementor-element-376f7f8 e-flex e-con-boxed e-con e-parent\" data-id=\"376f7f8\" data-element_type=\"container\">\n\t\t\t\t\t<div class=\"e-con-inner\">\n\t\t\t\t<div class=\"elementor-element elementor-element-f2eba94 elementor-widget elementor-widget-text-editor\" data-id=\"f2eba94\" data-element_type=\"widget\" data-widget_type=\"text-editor.default\">\n\t\t\t\t<div class=\"elementor-widget-container\">\n\t\t\t\t\t\t\t\u00a9 2026  ELDORADO CONSULTIM\t\t\t\t\t\t<\/div>\n\t\t\t\t<\/div>\n\t\t\t\t\t<\/div>\n\t\t\t\t<\/div>\n\t\t<div class=\"elementor-element elementor-element-97b75b1 legal-links e-flex e-con-boxed e-con e-parent\" data-id=\"97b75b1\" data-element_type=\"container\">\n\t\t\t\t\t<div class=\"e-con-inner\">\n\t\t\t\t<div class=\"elementor-element elementor-element-4d47aef elementor-widget elementor-widget-text-editor\" data-id=\"4d47aef\" data-element_type=\"widget\" data-widget_type=\"text-editor.default\">\n\t\t\t\t<div class=\"elementor-widget-container\">\n\t\t\t\t\t\t\t<a href=\"https:\/\/eldorado.nugrafik.com\/fr\/cgv\/\">CGV<\/a>\t\t\t\t\t\t<\/div>\n\t\t\t\t<\/div>\n\t\t\t\t<div class=\"elementor-element elementor-element-6842895 elementor-widget elementor-widget-text-editor\" data-id=\"6842895\" data-element_type=\"widget\" data-widget_type=\"text-editor.default\">\n\t\t\t\t<div class=\"elementor-widget-container\">\n\t\t\t\t\t\t\t<a href=\"https:\/\/eldorado.nugrafik.com\/fr\/cgu\/\">CGU<\/a>\t\t\t\t\t\t<\/div>\n\t\t\t\t<\/div>\n\t\t\t\t<div class=\"elementor-element elementor-element-945c66f elementor-widget elementor-widget-text-editor\" data-id=\"945c66f\" data-element_type=\"widget\" data-widget_type=\"text-editor.default\">\n\t\t\t\t<div class=\"elementor-widget-container\">\n\t\t\t\t\t\t\t<a href=\"https:\/\/eldorado.nugrafik.com\/fr\/politique-de-confidentialite\/\">Politique de confidentialit\u00e9<\/a>\t\t\t\t\t\t<\/div>\n\t\t\t\t<\/div>\n\t\t\t\t\t<\/div>\n\t\t\t\t<\/div>\n\t\t<div class=\"elementor-element elementor-element-1b7790e e-flex e-con-boxed e-con e-parent\" data-id=\"1b7790e\" data-element_type=\"container\">\n\t\t\t\t\t<div class=\"e-con-inner\">\n\t\t\t\t<div class=\"elementor-element elementor-element-922b43a elementor-widget elementor-widget-html\" data-id=\"922b43a\" data-element_type=\"widget\" data-widget_type=\"html.default\">\n\t\t\t\t<div class=\"elementor-widget-container\">\n\t\t\t<script>document.addEventListener('DOMContentLoaded', function() {\njQuery(function($) {\nvar mywindow = $(window);\nvar mypos = mywindow.scrollTop();\nlet scrolling = false; \/* For throlling scroll event *\/\nwindow.addEventListener('scroll', function() {\nscrolling = true;\n});\nsetInterval(() => {\nif (scrolling) {\nscrolling = false;\nif (mypos > 40) {\nif (mywindow.scrollTop() > mypos) {\n$('#site-header').addClass('headerup');\n} else {\n$('#site-header').removeClass('headerup');\n}\n}\nmypos = mywindow.scrollTop();\n}\n}, 300);\n});\n});\n\n<\/script><style>#site-header{\n    box-shadow: 0 4px 8px rgba(0, 0, 0, 0.1);\nposition: fixed;\nz-index: 999;\n  left: 0;\n  width: 100%;\n  background-color: #fff;\ntransition : transform 0.34s ease;\n}\n.headerup{\ntransform: translateY(-120px); \/*adjust this value to the height of your header*\/\n}\n\n#site-header nav > ul {\n    justify-content: space-between;\n}\n\n#site-header nav > ul.elementor-nav-menu.elementor-nav-menu.elementor-nav-menu > li {\n    position: relative;\n    z-index: 1;\n    flex-grow: 0;\n}\n\n#site-header nav > ul > li:not(.wpml-ls-menu-item)::before {\n    content: '';\n    position: absolute;\n    width: 100%;\n    height: 3px; \/* How thick the line is *\/\n    background-color: #D7651D !important; \/* Color of the line *\/\n    transition: transform 0.7s cubic-bezier(1, 0, 0, 1); \/* Adjust the transition duration and timing function here, use website cubic-bezier.com for a fancy timing function *\/\n    bottom: -4px; \/* Vertical positioning of the line *\/\n    opacity: 1 !important; \/* !important is only needed for nav menu element, you can delete it for the others *\/\n    left: 0;\n    z-index: -3;\n    transform: scaleX(0);\n    transform-origin: right;\n}\n\n#site-header nav > ul > li:not(.wpml-ls-menu-item):hover::before {\n    transform: scaleX(1);\n    transform-origin: left;\n}\n\n#site-header nav > ul.elementor-nav-menu.elementor-nav-menu.elementor-nav-menu > li > a {\n    margin-inline-end: 0px;\n    margin-inline-start: 0px;\n}\n\n#site-header .elementor-nav-menu:after {\n    content: none;\n}\n\n\n<\/style>\t\t<\/div>\n\t\t\t\t<\/div>\n\t\t\t\t\t<\/div>\n\t\t\t\t<\/div>\n\t\t\t\t<\/div>\n\t\t","protected":false},"excerpt":{"rendered":"<p>Mentions l\u00e9gales Informations sur l&rsquo;entreprise Nom de l&rsquo;entreprise : ELDORADO CONSULTIM SARLAdresse : 2 B rue de varize 75016 Paris, FranceEmail : contact@eldoradoconsultim.comNum\u00e9ro SIREN: 905 001 319Num\u00e9ro SIRET: 905 001 319 00011Num\u00e9ro de TVA : FR62 905 001 319Num\u00e9ro EORI: FR 905 001 319 00011 Fournisseur d&rsquo;h\u00e9bergement Soci\u00e9t\u00e9 d&rsquo;h\u00e9bergement : Infomaniak Network SAAdresse : Rue [&hellip;]<\/p>\n","protected":false},"author":1,"featured_media":0,"parent":0,"menu_order":0,"comment_status":"closed","ping_status":"closed","template":"","meta":{"inline_featured_image":false,"footnotes":""},"class_list":["post-562","page","type-page","status-publish","hentry"],"_links":{"self":[{"href":"https:\/\/eldorado.nugrafik.com\/fr\/wp-json\/wp\/v2\/pages\/562","targetHints":{"allow":["GET"]}}],"collection":[{"href":"https:\/\/eldorado.nugrafik.com\/fr\/wp-json\/wp\/v2\/pages"}],"about":[{"href":"https:\/\/eldorado.nugrafik.com\/fr\/wp-json\/wp\/v2\/types\/page"}],"author":[{"embeddable":true,"href":"https:\/\/eldorado.nugrafik.com\/fr\/wp-json\/wp\/v2\/users\/1"}],"replies":[{"embeddable":true,"href":"https:\/\/eldorado.nugrafik.com\/fr\/wp-json\/wp\/v2\/comments?post=562"}],"version-history":[{"count":11,"href":"https:\/\/eldorado.nugrafik.com\/fr\/wp-json\/wp\/v2\/pages\/562\/revisions"}],"predecessor-version":[{"id":723,"href":"https:\/\/eldorado.nugrafik.com\/fr\/wp-json\/wp\/v2\/pages\/562\/revisions\/723"}],"wp:attachment":[{"href":"https:\/\/eldorado.nugrafik.com\/fr\/wp-json\/wp\/v2\/media?parent=562"}],"curies":[{"name":"wp","href":"https:\/\/api.w.org\/{rel}","templated":true}]}}